{"id":1433,"date":"2023-07-21T20:32:29","date_gmt":"2023-07-21T20:32:29","guid":{"rendered":"https:\/\/antfacilities.com\/?page_id=1433"},"modified":"2023-07-21T20:33:07","modified_gmt":"2023-07-21T20:33:07","slug":"politica-cookies-catala","status":"publish","type":"page","link":"https:\/\/antfacilities.com\/es\/politica-cookies-catala\/","title":{"rendered":"Politica Cookies Catala"},"content":{"rendered":"\t\t<div data-elementor-type=\"wp-page\" data-elementor-id=\"1433\" class=\"elementor elementor-1433\" data-elementor-post-type=\"page\">\n\t\t\t\t\t\t<section class=\"elementor-section elementor-top-section elementor-element elementor-element-9fcc107 elementor-section-boxed elementor-section-height-default elementor-section-height-default\" data-id=\"9fcc107\" data-element_type=\"section\" data-e-type=\"section\">\n\t\t\t\t\t\t<div class=\"elementor-container elementor-column-gap-default\">\n\t\t\t\t\t<div class=\"elementor-column elementor-col-100 elementor-top-column elementor-element elementor-element-9a0dc71\" data-id=\"9a0dc71\" data-element_type=\"column\" data-e-type=\"column\">\n\t\t\t<div class=\"elementor-widget-wrap elementor-element-populated\">\n\t\t\t\t\t\t<div class=\"elementor-element elementor-element-391436e elementor-widget elementor-widget-text-editor\" data-id=\"391436e\" data-element_type=\"widget\" data-e-type=\"widget\" data-widget_type=\"text-editor.default\">\n\t\t\t\t<div class=\"elementor-widget-container\">\n\t\t\t\t\t\t\t\t\t<header>\n<h2>Pol\u00edtica de Cookies<\/h2>\n<\/header>\n<div class=\"\">\n<div class=\"\">\n\nEn aquesta web s&#8217;utilitzen cookies de tercers i pr\u00f2pies per a aconseguir que tinguis una millor experi\u00e8ncia de navegaci\u00f3, puguis compartir contingut en xarxes socials i perqu\u00e8 puguem obtenir estad\u00edstiques dels usuaris.\n\nPots evitar la desc\u00e0rrega de cookies a trav\u00e9s de la configuraci\u00f3 del teu navegador, evitant que les cookies s&#8217;emmagatzemin en el seu dispositiu.\n\nCom a propietari d&#8217;aquest lloc web, et comunico que no utilitzem cap informaci\u00f3 personal procedent de cookies, tan sols realitzem estad\u00edstiques generals de visites que no suposen cap informaci\u00f3 personal.\n\n\u00c9s molt important que llegeixis la present pol\u00edtica de cookies i comprenguis que, si continues navegant, considerarem que acceptes el seu \u00fas.\n\nSegons els termes inclosos en l&#8217;article 22.2 de la Llei 34\/2002 de Serveis de la Societat de la Informaci\u00f3 i Comer\u00e7 Electr\u00f2nic, si continues navegant, estar\u00e0s prestant el teu consentiment per a l&#8217;\u00fas dels referits mecanismes.\n<h3>Entitat Responsable<\/h3>\n<p class=\"ng-binding\">L&#8217;entitat responsable de la recollida, processament i utilitzaci\u00f3 de les teves dades personals, en el sentit establert per la Llei de Protecci\u00f3 de Dades Personals \u00e9s la p\u00e0gina www.antfacilities.com, propietat de ANT FACILITIES SL \u2013 Pla\u00e7a de Francesc Maci\u00e0, 2, 08021 Barcelona.<\/p>\n\n<h3>Qu\u00e8 s\u00f3n les cookies?<\/h3>\nLes cookies s\u00f3n un conjunt de dades que un servidor diposita en el navegador de l&#8217;usuari per a recollir la informaci\u00f3 de registre est\u00e0ndard d&#8217;Internet i la informaci\u00f3 del comportament dels visitants en un lloc web. \u00c9s a dir, es tracta de petits arxius de text que queden emmagatzemats en el disc dur de l&#8217;ordinador i que serveixen per a identificar a l&#8217;usuari quan es connecta novament al lloc web. El seu objectiu \u00e9s registrar la visita de l&#8217;usuari i guardar certa informaci\u00f3. El seu \u00fas \u00e9s com\u00fa i freq\u00fcent en la web ja que permet a les p\u00e0gines funcionar de manera m\u00e9s eficient i aconseguir una major personalitzaci\u00f3 i an\u00e0lisi sobre el comportament de l&#8217;usuari.\n<h3>Quins tipus de cookies existeixen?<\/h3>\nLes cookies utilitzades en el nostre lloc web, s\u00f3n de sessi\u00f3 i de tercers, i ens permeten emmagatzemar i accedir a informaci\u00f3 relativa a l&#8217;idioma, el tipus de navegador utilitzat, i altres caracter\u00edstiques generals predefinides per l&#8217;usuari, aix\u00ed com, seguir i analitzar l&#8217;activitat que duu a terme, a fi d&#8217;introduir millores i prestar els nostres serveis d&#8217;una manera m\u00e9s eficient i personalitzada.\n<p class=\"ng-binding\">Les cookies, en funci\u00f3 de la seva perman\u00e8ncia, poden dividir-se en cookies de sessi\u00f3 o permanents. Les que expiren quan l&#8217;usuari tanca el navegador. Les que expiren en funci\u00f3 de quan es compleixi l&#8217;objectiu per al qual serveixen (per exemple, perqu\u00e8 l&#8217;usuari es mantingui identificat en els serveis de ANT FACILITIES SL) o b\u00e9 quan s&#8217;esborren manualment.<\/p>\n&nbsp;\n<table border=\"0\" width=\"100%\" cellpadding=\"15\">\n<tbody>\n<tr>\n<td>Nom<\/td>\n<td>Tipus<\/td>\n<td>Caducitat<\/td>\n<td>Finalitat<\/td>\n<td>Classe<\/td>\n<\/tr>\n<tr>\n<td>__utma<\/td>\n<td>De Tercers (Google Analytics)<\/td>\n<td>2 anys<\/td>\n<td>S&#8217;usa per a distingir usuaris i sessions.<\/td>\n<td>No Exempta<\/td>\n<\/tr>\n<tr>\n<td>__utmb<\/td>\n<td>De Tercers (Google Analytics)<\/td>\n<td>30 minuts<\/td>\n<td>S&#8217;usa per a determinar noves sessions o visites<\/td>\n<td>No Exempta<\/td>\n<\/tr>\n<tr>\n<td>__utmc<\/td>\n<td>De Tercers (Google Analytics)<\/td>\n<td>En finalitzar la sessi\u00f3<\/td>\n<td>Es configura per al seu \u00fas amb Urchin<\/td>\n<td>No Exempta<\/td>\n<\/tr>\n<tr>\n<td>__utmz<\/td>\n<td>De Tercers (Google Analytics)<\/td>\n<td>6 mesos<\/td>\n<td>Emmagatzema l&#8217;origen o la campanya que explica com l&#8217;usuari ha arribat fins a la p\u00e0gina web<\/td>\n<td>No Exempta<\/td>\n<\/tr>\n<\/tbody>\n<\/table>\n<p class=\"ng-binding\">Addicionalment, en funci\u00f3 del seu objectiu, les cookies poden classificar-se de la seg\u00fcent forma:<\/p>\n\n<h3>Cookies de rendiment<\/h3>\nAquest tipus de Cookie recorda les seves prefer\u00e8ncies per a les eines que es troben en els serveis, per la qual cosa no ha de tornar a configurar el servei cada vegada que vost\u00e8 visita. A tall d&#8217;exemple, en aquesta tipologia s&#8217;inclouen: Ajustos de volum de reproductors de v\u00eddeo o so. Les velocitats de transmissi\u00f3 de v\u00eddeo que siguin compatibles amb el seu navegador. Els objectes guardats en el \u201ccarret de la compra\u201d en els serveis de e-commerce com ara botigues.\n<h3>Cookies de geo-localitzaci\u00f3<\/h3>\nAquestes cookies s\u00f3n utilitzades per a esbrinar en quin pa\u00eds es troba quan se sol\u00b7licita un servei. Aquesta cookie \u00e9s totalment an\u00f2nima, i nom\u00e9s s&#8217;utilitza per a ajudar a orientar el contingut a la seva ubicaci\u00f3.\n<h3>Cookies de registre<\/h3>\nLes cookies de registre es generen una vegada que l&#8217;usuari s&#8217;ha registrat o posteriorment ha obert la seva sessi\u00f3, i s&#8217;utilitzen per a identificar-li en els serveis amb els seg\u00fcents objectius:\n\nMantenir a l&#8217;usuari identificat de manera que, si tanca un servei, el navegador o l&#8217;ordinador i en un altre moment o un altre dia torna a entrar en aquest servei, seguir\u00e0 identificat, facilitant aix\u00ed la seva navegaci\u00f3 sense haver de tornar a identificar-se. Aquesta funcionalitat es pot suprimir si l&#8217;usuari prem la funcionalitat [tancar sessi\u00f3], de manera que aquesta cookie s&#8217;elimina i la pr\u00f2xima vegada que entre en el servei l&#8217;usuari haur\u00e0 d&#8217;iniciar sessi\u00f3 per a estar identificat.\n\nComprovar si l&#8217;usuari est\u00e0 autoritzat per a accedir a certs serveis, per exemple, per a participar en un concurs.\n\nAddicionalment, alguns serveis poden utilitzar connectors amb xarxes socials com ara Facebook o Twitter. Quan l&#8217;usuari es registra en un servei amb credencials d&#8217;una xarxa social, autoritza la xarxa social a guardar una Cookie persistent que recorda la seva identitat i li garanteix acc\u00e9s als serveis fins que expira. L&#8217;usuari pot esborrar aquesta Cookie i revocar l&#8217;acc\u00e9s als serveis mitjan\u00e7ant xarxes socials actualitzant les seves prefer\u00e8ncies en la xarxa social que espec\u00edfica.\n<h3>Cookies d&#8217;anal\u00edtiques<\/h3>\n<p class=\"ng-binding\">Cada vegada que un usuari visita un servei, una eina d&#8217;un prove\u00efdor extern genera una cookie anal\u00edtica en l&#8217;ordinador de l&#8217;usuari. Aquesta cookie que nom\u00e9s es genera en la visita, servir\u00e0 en pr\u00f2ximes visites als serveis de ANT FACILITIES SL per a identificar de manera an\u00f2nima al visitant. Els objectius principals que es persegueixen s\u00f3n:<\/p>\nPermetre la identificaci\u00f3 an\u00f2nima dels usuaris navegants a trav\u00e9s de la cookie (identifica navegadors i dispositius, no persones) i per tant la comptabilitzaci\u00f3 aproximada del nombre de visitants i la seva tend\u00e8ncia en el temps.\nIdentificar de manera an\u00f2nima els continguts m\u00e9s visitats i per tant m\u00e9s atractius per als usuaris Saber si l&#8217;usuari que est\u00e0 accedint \u00e9s nou o repeteix visita.\n<p class=\"ng-binding\">Important: Tret que l&#8217;usuari decideixi registrar-se en un servei de ANT FACILITIES SL, la cookie mai anir\u00e0 associada a cap dada de car\u00e0cter personal que pugui identificar-li. Aquestes cookies nom\u00e9s seran utilitzades amb prop\u00f2sits estad\u00edstics que ajudin a l&#8217;optimitzaci\u00f3 de l&#8217;experi\u00e8ncia dels usuaris en el lloc.<\/p>\n\n<h3>Cookies de publicitat<\/h3>\n<p class=\"ng-binding\">Aquest tipus de cookies permeten ampliar la informaci\u00f3 dels anuncis mostrats a cada usuari an\u00f2nim en els serveis de ANT FACILITIES SL. Entre altres, s&#8217;emmagatzema la durada o freq\u00fc\u00e8ncia de visualitzaci\u00f3 de posicions publicit\u00e0ries, la interacci\u00f3 amb aquestes, o els patrons de navegaci\u00f3 i\/o comportaments de l&#8217;usuari ja que ajuden a conformar un perfil d&#8217;inter\u00e8s publicitari. D&#8217;aquesta manera, permeten oferir publicitat af\u00ed als interessos de l&#8217;usuari.<\/p>\n\n<h3>Cookies publicit\u00e0ries de tercers<\/h3>\n<p class=\"ng-binding\">A m\u00e9s de la publicitat gestionada per les webs de ANT FACILITIES SL en els seus serveis, les webs de ANT FACILITIES SL ofereixen als seus anunciants l&#8217;opci\u00f3 de servir anuncis a trav\u00e9s de tercers (\u201cAd-*Servers\u201d). D&#8217;aquesta manera, aquests tercers poden emmagatzemar cookies enviades des dels serveis de ANT FACILITIES SL procedents dels navegadors dels usuaris, aix\u00ed com accedir a les dades que en elles es guarden.<\/p>\n<p class=\"ng-binding\">Les empreses que generen aquestes cookies tenen les seves pr\u00f2pies pol\u00edtiques de privacitat. En l&#8217;actualitat, les webs de ANT FACILITIES SL utilitzen la plataforma Doubleclick (Google) per a gestionar aquests serveis. Per a m\u00e9s informaci\u00f3, acudeixi a<\/p>\n<a href=\"http:\/\/www.google.es\/policies\/privacy\/ads\/#toc-doubleclick\">http:\/\/www.google.es\/policies\/privacy\/ads\/#toc-*doubleclick<\/a> i a <a href=\"http:\/\/www.google.es\/policies\/privacy\/ads\/\">http:\/\/www.google.es\/policies\/privacy\/ads\/<\/a>.\n<h3>Com puc deshabilitar les cookies en el meu navegador?<\/h3>\nEs poden configurar els diferents navegadors per a avisar a l&#8217;usuari de la recepci\u00f3 de cookies i, si es desitja, impedir la seva instal\u00b7laci\u00f3 en l&#8217;equip. Aix\u00ed mateix, l&#8217;usuari pot revisar en el seu navegador quines cookies t\u00e9 instal\u00b7lades i quin \u00e9s el termini de caducitat d&#8217;aquestes, podent eliminar-les.\n\nPer a ampliar aquesta informaci\u00f3 consulti les instruccions i manuals del seu navegador:\n\nPer a m\u00e9s informaci\u00f3 sobre l&#8217;administraci\u00f3 de les cookies en Google Chrome: <a href=\"https:\/\/support.google.com\/chrome\/answer\/95647?hl=es\">https:\/\/support.google.com\/chrome\/answer\/95647?hl=es<\/a>\n\nPer a m\u00e9s informaci\u00f3 sobre l&#8217;administraci\u00f3 de les cookies en Internet Explorer: <a href=\"http:\/\/windows.microsoft.com\/es-es\/windows-vista\/cookies-frequently-asked-questions\">http:\/\/windows.microsoft.com\/es-es\/windows-vista\/cookies-frequently-asked-questions<\/a>\n\nPer a m\u00e9s informaci\u00f3 sobre l&#8217;administraci\u00f3 de les cookies en Mozilla Firefox: <a href=\"http:\/\/support.mozilla.org\/es\/kb\/habilitar-y-deshabilitar-cookies-que-los-sitios-we%20\">http:\/\/support.mozilla.org\/es\/kb\/habilitar-y-deshabilitar-cookies-que-los-sitios-we<\/a>\n\nPer a m\u00e9s informaci\u00f3 sobre l&#8217;administraci\u00f3 de les cookies en Safari: <a href=\"http:\/\/www.apple.com\/es\/privacy\/use-of-cookies\/%20\">http:\/\/www.apple.com\/es\/privacy\/use-of-cookies\/<\/a>\n\nPer a m\u00e9s informaci\u00f3 sobre l&#8217;administraci\u00f3 de les cookies en Opera: <a href=\"http:\/\/help.opera.com\/Windows\/11.50\/es-ES\/cookies.html\">http:\/\/help.opera.com\/windows\/11.50\/es-es\/cookies.html<\/a>\n\nSi desitja deixar de ser seguit per Google Analytics visiti: <a href=\"http:\/\/tools.google.com\/dlpage\/gaoptout\">http:\/\/tools.google.com\/dlpage\/gaoptout<\/a>\n<h3>Per a saber m\u00e9s sobre les cookies<\/h3>\nPot obtenir m\u00e9s informaci\u00f3 sobre la publicitat online basada en el comportament i la privacitat online en el seg\u00fcent enlla\u00e7: <a href=\"http:\/\/www.youronlinechoices.com\/es\/\">http:\/\/www.youronlinechoices.com\/es\/<\/a>\n\nProtecci\u00f3 de dades de Google Analytics: <a href=\"http:\/\/www.google.com\/analytics\/learn\/privacy.html\">http:\/\/www.google.com\/analytics\/learn\/privacy.html<\/a>\n\nCom usa Google Analytics les cookies: <a href=\"https:\/\/developers.google.com\/analytics\/devguides\/collection\/analyticsjs\/cookie-usage?hl=es#analyticsjs\">https:\/\/developers.google.com\/*analytics\/*devguides\/*collection\/*analyticsjs\/*cookie-*usage?*hl=\u00e9s#*analyticsjs<\/a>\n<h3>Actualitzacions i canvis en la pol\u00edtica de privacitat\/cookies<\/h3>\n<p class=\"ng-binding\">Les webs de ANT FACILITIES SL poden modificar aquesta Pol\u00edtica de Cookies en funci\u00f3 d&#8217;exig\u00e8ncies legislatives, reglament\u00e0ries, o amb la finalitat d&#8217;adaptar aquesta pol\u00edtica a les instruccions dictades per l&#8217;Ag\u00e8ncia Espanyola de Protecci\u00f3 de Dades, per aix\u00f2 s&#8217;aconsella als usuaris que la visitin peri\u00f2dicament.<\/p>\nQuan es produeixin canvis significatius en aquesta Pol\u00edtica de Cookies, aquests es comunicaran als usuaris b\u00e9 mitjan\u00e7ant la web o a trav\u00e9s de correu electr\u00f2nic als usuaris registrats.\n\n<\/div>\n<\/div>\t\t\t\t\t\t\t\t<\/div>\n\t\t\t\t<\/div>\n\t\t\t\t\t<\/div>\n\t\t<\/div>\n\t\t\t\t\t<\/div>\n\t\t<\/section>\n\t\t\t\t<\/div>\n\t\t","protected":false},"excerpt":{"rendered":"<p>Pol\u00edtica de Cookies En aquesta web s&#8217;utilitzen cookies de tercers i pr\u00f2pies per a aconseguir que tinguis una millor experi\u00e8ncia de navegaci\u00f3, puguis compartir contingut en xarxes socials i perqu\u00e8 puguem obtenir estad\u00edstiques dels usuaris. Pots evitar la desc\u00e0rrega de cookies a trav\u00e9s de la configuraci\u00f3 del teu navegador, evitant que les cookies s&#8217;emmagatzemin en [&hellip;]<\/p>\n","protected":false},"author":1,"featured_media":0,"parent":0,"menu_order":0,"comment_status":"closed","ping_status":"closed","template":"elementor_header_footer","meta":{"footnotes":""},"class_list":["post-1433","page","type-page","status-publish","hentry","entry"],"yoast_head":"<!-- This site is optimized with the Yoast SEO Premium plugin v27.0 (Yoast SEO v27.2) - https:\/\/yoast.com\/product\/yoast-seo-premium-wordpress\/ -->\n<title>Politica Cookies Catala - Ant Facilities<\/title>\n<meta name=\"robots\" content=\"index, follow, max-snippet:-1, max-image-preview:large, max-video-preview:-1\" \/>\n<link rel=\"canonical\" href=\"https:\/\/antfacilities.com\/es\/politica-cookies-catala\/\" \/>\n<meta property=\"og:locale\" content=\"es_ES\" \/>\n<meta property=\"og:type\" content=\"article\" \/>\n<meta property=\"og:title\" content=\"Politica Cookies Catala\" \/>\n<meta property=\"og:description\" content=\"Pol\u00edtica de Cookies En aquesta web s&#8217;utilitzen cookies de tercers i pr\u00f2pies per a aconseguir que tinguis una millor experi\u00e8ncia de navegaci\u00f3, puguis compartir contingut en xarxes socials i perqu\u00e8 puguem obtenir estad\u00edstiques dels usuaris. Pots evitar la desc\u00e0rrega de cookies a trav\u00e9s de la configuraci\u00f3 del teu navegador, evitant que les cookies s&#8217;emmagatzemin en [&hellip;]\" \/>\n<meta property=\"og:url\" content=\"https:\/\/antfacilities.com\/es\/politica-cookies-catala\/\" \/>\n<meta property=\"og:site_name\" content=\"Ant Facilities\" \/>\n<meta property=\"article:modified_time\" content=\"2023-07-21T20:33:07+00:00\" \/>\n<meta name=\"twitter:card\" content=\"summary_large_image\" \/>\n<meta name=\"twitter:label1\" content=\"Tiempo de lectura\" \/>\n\t<meta name=\"twitter:data1\" content=\"8 minutos\" \/>\n<script type=\"application\/ld+json\" class=\"yoast-schema-graph\">{\"@context\":\"https:\/\/schema.org\",\"@graph\":[{\"@type\":\"WebPage\",\"@id\":\"https:\/\/antfacilities.com\/es\/politica-cookies-catala\/\",\"url\":\"https:\/\/antfacilities.com\/es\/politica-cookies-catala\/\",\"name\":\"Politica Cookies Catala - Ant Facilities\",\"isPartOf\":{\"@id\":\"https:\/\/antfacilities.com\/es\/#website\"},\"datePublished\":\"2023-07-21T20:32:29+00:00\",\"dateModified\":\"2023-07-21T20:33:07+00:00\",\"breadcrumb\":{\"@id\":\"https:\/\/antfacilities.com\/es\/politica-cookies-catala\/#breadcrumb\"},\"inLanguage\":\"es\",\"potentialAction\":[{\"@type\":\"ReadAction\",\"target\":[\"https:\/\/antfacilities.com\/es\/politica-cookies-catala\/\"]}]},{\"@type\":\"BreadcrumbList\",\"@id\":\"https:\/\/antfacilities.com\/es\/politica-cookies-catala\/#breadcrumb\",\"itemListElement\":[{\"@type\":\"ListItem\",\"position\":1,\"name\":\"Portada\",\"item\":\"https:\/\/antfacilities.com\/es\/\"},{\"@type\":\"ListItem\",\"position\":2,\"name\":\"Politica Cookies Catala\"}]},{\"@type\":\"WebSite\",\"@id\":\"https:\/\/antfacilities.com\/es\/#website\",\"url\":\"https:\/\/antfacilities.com\/es\/\",\"name\":\"Ant Facilities\",\"description\":\"Servicios de limpieza y desinfeci\u00f3n para empresas\",\"publisher\":{\"@id\":\"https:\/\/antfacilities.com\/es\/#organization\"},\"potentialAction\":[{\"@type\":\"SearchAction\",\"target\":{\"@type\":\"EntryPoint\",\"urlTemplate\":\"https:\/\/antfacilities.com\/es\/?s={search_term_string}\"},\"query-input\":{\"@type\":\"PropertyValueSpecification\",\"valueRequired\":true,\"valueName\":\"search_term_string\"}}],\"inLanguage\":\"es\"},{\"@type\":\"Organization\",\"@id\":\"https:\/\/antfacilities.com\/es\/#organization\",\"name\":\"Ant Facilities\",\"url\":\"https:\/\/antfacilities.com\/es\/\",\"logo\":{\"@type\":\"ImageObject\",\"inLanguage\":\"es\",\"@id\":\"https:\/\/antfacilities.com\/es\/#\/schema\/logo\/image\/\",\"url\":\"https:\/\/antfacilities.com\/wp-content\/uploads\/2023\/07\/Logo-Ant-facilities.png\",\"contentUrl\":\"https:\/\/antfacilities.com\/wp-content\/uploads\/2023\/07\/Logo-Ant-facilities.png\",\"width\":441,\"height\":126,\"caption\":\"Ant Facilities\"},\"image\":{\"@id\":\"https:\/\/antfacilities.com\/es\/#\/schema\/logo\/image\/\"}}]}<\/script>\n<!-- \/ Yoast SEO Premium plugin. -->","yoast_head_json":{"title":"Politica Cookies Catala - Ant Facilities","robots":{"index":"index","follow":"follow","max-snippet":"max-snippet:-1","max-image-preview":"max-image-preview:large","max-video-preview":"max-video-preview:-1"},"canonical":"https:\/\/antfacilities.com\/es\/politica-cookies-catala\/","og_locale":"es_ES","og_type":"article","og_title":"Politica Cookies Catala","og_description":"Pol\u00edtica de Cookies En aquesta web s&#8217;utilitzen cookies de tercers i pr\u00f2pies per a aconseguir que tinguis una millor experi\u00e8ncia de navegaci\u00f3, puguis compartir contingut en xarxes socials i perqu\u00e8 puguem obtenir estad\u00edstiques dels usuaris. Pots evitar la desc\u00e0rrega de cookies a trav\u00e9s de la configuraci\u00f3 del teu navegador, evitant que les cookies s&#8217;emmagatzemin en [&hellip;]","og_url":"https:\/\/antfacilities.com\/es\/politica-cookies-catala\/","og_site_name":"Ant Facilities","article_modified_time":"2023-07-21T20:33:07+00:00","twitter_card":"summary_large_image","twitter_misc":{"Tiempo de lectura":"8 minutos"},"schema":{"@context":"https:\/\/schema.org","@graph":[{"@type":"WebPage","@id":"https:\/\/antfacilities.com\/es\/politica-cookies-catala\/","url":"https:\/\/antfacilities.com\/es\/politica-cookies-catala\/","name":"Politica Cookies Catala - Ant Facilities","isPartOf":{"@id":"https:\/\/antfacilities.com\/es\/#website"},"datePublished":"2023-07-21T20:32:29+00:00","dateModified":"2023-07-21T20:33:07+00:00","breadcrumb":{"@id":"https:\/\/antfacilities.com\/es\/politica-cookies-catala\/#breadcrumb"},"inLanguage":"es","potentialAction":[{"@type":"ReadAction","target":["https:\/\/antfacilities.com\/es\/politica-cookies-catala\/"]}]},{"@type":"BreadcrumbList","@id":"https:\/\/antfacilities.com\/es\/politica-cookies-catala\/#breadcrumb","itemListElement":[{"@type":"ListItem","position":1,"name":"Portada","item":"https:\/\/antfacilities.com\/es\/"},{"@type":"ListItem","position":2,"name":"Politica Cookies Catala"}]},{"@type":"WebSite","@id":"https:\/\/antfacilities.com\/es\/#website","url":"https:\/\/antfacilities.com\/es\/","name":"Ant Facilities","description":"Servicios de limpieza y desinfeci\u00f3n para empresas","publisher":{"@id":"https:\/\/antfacilities.com\/es\/#organization"},"potentialAction":[{"@type":"SearchAction","target":{"@type":"EntryPoint","urlTemplate":"https:\/\/antfacilities.com\/es\/?s={search_term_string}"},"query-input":{"@type":"PropertyValueSpecification","valueRequired":true,"valueName":"search_term_string"}}],"inLanguage":"es"},{"@type":"Organization","@id":"https:\/\/antfacilities.com\/es\/#organization","name":"Ant Facilities","url":"https:\/\/antfacilities.com\/es\/","logo":{"@type":"ImageObject","inLanguage":"es","@id":"https:\/\/antfacilities.com\/es\/#\/schema\/logo\/image\/","url":"https:\/\/antfacilities.com\/wp-content\/uploads\/2023\/07\/Logo-Ant-facilities.png","contentUrl":"https:\/\/antfacilities.com\/wp-content\/uploads\/2023\/07\/Logo-Ant-facilities.png","width":441,"height":126,"caption":"Ant Facilities"},"image":{"@id":"https:\/\/antfacilities.com\/es\/#\/schema\/logo\/image\/"}}]}},"_links":{"self":[{"href":"https:\/\/antfacilities.com\/es\/wp-json\/wp\/v2\/pages\/1433","targetHints":{"allow":["GET"]}}],"collection":[{"href":"https:\/\/antfacilities.com\/es\/wp-json\/wp\/v2\/pages"}],"about":[{"href":"https:\/\/antfacilities.com\/es\/wp-json\/wp\/v2\/types\/page"}],"author":[{"embeddable":true,"href":"https:\/\/antfacilities.com\/es\/wp-json\/wp\/v2\/users\/1"}],"replies":[{"embeddable":true,"href":"https:\/\/antfacilities.com\/es\/wp-json\/wp\/v2\/comments?post=1433"}],"version-history":[{"count":4,"href":"https:\/\/antfacilities.com\/es\/wp-json\/wp\/v2\/pages\/1433\/revisions"}],"predecessor-version":[{"id":1438,"href":"https:\/\/antfacilities.com\/es\/wp-json\/wp\/v2\/pages\/1433\/revisions\/1438"}],"wp:attachment":[{"href":"https:\/\/antfacilities.com\/es\/wp-json\/wp\/v2\/media?parent=1433"}],"curies":[{"name":"wp","href":"https:\/\/api.w.org\/{rel}","templated":true}]}}