{"id":2339,"date":"2024-01-11T11:36:50","date_gmt":"2024-01-11T11:36:50","guid":{"rendered":"https:\/\/antfacilities.com\/?page_id=2339"},"modified":"2024-01-18T13:28:30","modified_gmt":"2024-01-18T13:28:30","slug":"canal-denuncias","status":"publish","type":"page","link":"https:\/\/antfacilities.com\/es\/canal-denuncias\/","title":{"rendered":"Canal denuncias"},"content":{"rendered":"\t\t<div data-elementor-type=\"wp-page\" data-elementor-id=\"2339\" class=\"elementor elementor-2339\" data-elementor-post-type=\"page\">\n\t\t\t\t\t\t<section class=\"elementor-section elementor-top-section elementor-element elementor-element-6f4369f elementor-section-boxed elementor-section-height-default elementor-section-height-default\" data-id=\"6f4369f\" data-element_type=\"section\" data-e-type=\"section\">\n\t\t\t\t\t\t<div class=\"elementor-container elementor-column-gap-default\">\n\t\t\t\t\t<div class=\"elementor-column elementor-col-100 elementor-top-column elementor-element elementor-element-6d14b41\" data-id=\"6d14b41\" data-element_type=\"column\" data-e-type=\"column\">\n\t\t\t<div class=\"elementor-widget-wrap elementor-element-populated\">\n\t\t\t\t\t\t<div class=\"elementor-element elementor-element-1bad43b elementor-widget elementor-widget-text-editor\" data-id=\"1bad43b\" data-element_type=\"widget\" data-e-type=\"widget\" data-widget_type=\"text-editor.default\">\n\t\t\t\t<div class=\"elementor-widget-container\">\n\t\t\t\t\t\t\t\t\t<p><strong><span style=\"color: #00a7e1;\">\u00bfQui\u00e9n puede denunciar o realizar comunicaciones?<\/span><\/strong><\/p><p>Todos los miembros de ANT FACILITITES y aquellos con los que mantenga relaciones empresariales deben respetar tanto la legalidad vigente como el propio C\u00f3digo \u00c9tico de la\u00a0<span style=\"font-family: Lato; font-size: 15px; font-style: normal; font-variant-ligatures: normal; font-variant-caps: normal; font-weight: 400;\">ANT FACILITITES<\/span>.<br \/>El Sistema permite que cualquier persona, interna o externa a\u00a0<span style=\"font-family: Lato; font-size: 15px; font-style: normal; font-variant-ligatures: normal; font-variant-caps: normal; font-weight: 400;\">ANT FACILITITES<\/span>, que haya tenido conocimiento de infracciones o actos il\u00edcitos, puedan comunicarlo a la\u00a0<span style=\"font-family: Lato; font-size: 15px; font-style: normal; font-variant-ligatures: normal; font-variant-caps: normal; font-weight: 400;\">ANT FACILITITES<\/span>.<\/p><p><strong><span style=\"color: #00a7e1;\">\u00bfQu\u00e9 se puede comunicar?<\/span><\/strong><\/p><p>A trav\u00e9s del Sistema, se puede remitir informaci\u00f3n sobre acciones que sean contrarias al C\u00f3digo \u00c9tico de\u00a0<span style=\"font-family: Lato; font-size: 15px; font-style: normal; font-variant-ligatures: normal; font-variant-caps: normal; font-weight: 400;\">ANT FACILITITES<\/span>\u00a0o que puedan ser constitutivas de infracciones o actos il\u00edcitos de los que se haya podido tener conocimiento a fin de que puedan ser debidamente investigados y, en su caso, sancionados.<\/p><p><strong><span style=\"color: #00a7e1;\">\u00bfC\u00f3mo presentar una denuncia o comunicaci\u00f3n?<\/span><\/strong><\/p><p>Desde el sitio web de\u00a0<span style=\"font-family: Lato; font-size: 15px; font-style: normal; font-variant-ligatures: normal; font-variant-caps: normal; font-weight: 400;\">ANT FACILITITES<\/span>, se puede realizar una comunicaci\u00f3n y\/o crear un informe de denuncia de forma segura, y realizar el seguimiento de un informe ya existente.<br \/>Realizar el seguimiento de sus informes puede ser importante para varias razones:<br \/>1) Comprobar el estado de su informe para confirmar que ha sido correctamente recibido y se est\u00e1 llevando a cabo la oportuna investigaci\u00f3n.<br \/>2) Comprobar si el Responsable del Sistema necesita informaci\u00f3n adicional para ayudarle a resolver el problema o tomar la acci\u00f3n apropiada.<br \/>3) Proporcionar informaci\u00f3n adicional a su informe.<\/p><p><strong><span style=\"color: #00a7e1;\">Tramitaci\u00f3n de la comunicaci\u00f3n<\/span><\/strong><\/p><p>Tras la comunicaci\u00f3n a trav\u00e9s del Sistema, le ser\u00e1 remitido el correspondiente acuse de recibo en el plazo m\u00e1ximo de 7 d\u00edas naturales siguientes a la recepci\u00f3n de la comunicaci\u00f3n, salvo que la remisi\u00f3n del acuse de recibo pueda poner en peligro la confidencialidad de la comunicaci\u00f3n .<br \/>El Responsable del Sistema Interno de Informaci\u00f3n valorar\u00e1 la verosimilitud de la informaci\u00f3n recibida y su posible car\u00e1cter infractor en un plazo no superior a 15 d\u00edas desde la recepci\u00f3n de la informaci\u00f3n. En caso de que la denuncia se considere inveros\u00edmil le ser\u00e1 comunicado su archivo y cualquier medida adicional que se hubiera adoptado.<br \/>En caso de que la informaci\u00f3n facilitada sea insuficiente, podr\u00e1 solicitarse su ampliaci\u00f3n.<br \/>Cuando se considere que la denuncia recibida es veros\u00edmil ordenar\u00e1 la apertura de una investigaci\u00f3n corporativa interna, en la que las personas denunciadas tendr\u00e1n garantizados sus derechos de presunci\u00f3n de inocencia, defensa y contradicci\u00f3n. En ning\u00fan caso se notificar\u00e1 a las personas investigadas la identidad del Informante.<\/p><p><strong><span style=\"color: #00a7e1;\">\u00bfQu\u00e9 informaci\u00f3n debe incluir la comunicaci\u00f3n?<\/span><\/strong><\/p><p>El informante deber\u00e1 facilitar la m\u00e1xima informaci\u00f3n disponible de los hechos sobre los que versa la comunicaci\u00f3n. Idealmente deber\u00e1 utilizar el Sistema Interno de informaci\u00f3n enviando debidamente rellenado el formulario que se encuentra a su disposici\u00f3n a trav\u00e9s del enlace que se facilita en el sitio web con inclusi\u00f3n de la siguiente informaci\u00f3n:<br \/>\u2022 Relato de hechos objeto de denuncia<br \/>\u2022 Identidad de los implicados<br \/>\u2022 Fecha<br \/>\u2022 En su caso, identidad de los posibles testigos<br \/>\u2022 En su caso, documentaci\u00f3n acreditativa de los hechos denunciados<br \/>\u2022 En caso de que no se trate de una comunicaci\u00f3n an\u00f3nima, nombre y apellidos del denunciante, correo electr\u00f3nico, direcci\u00f3n postal y tel\u00e9fono<\/p>\t\t\t\t\t\t\t\t<\/div>\n\t\t\t\t<\/div>\n\t\t\t\t\t<\/div>\n\t\t<\/div>\n\t\t\t\t\t<\/div>\n\t\t<\/section>\n\t\t\t\t<section class=\"elementor-section elementor-top-section elementor-element elementor-element-535bcad elementor-section-boxed elementor-section-height-default elementor-section-height-default\" data-id=\"535bcad\" data-element_type=\"section\" data-e-type=\"section\">\n\t\t\t\t\t\t<div class=\"elementor-container elementor-column-gap-default\">\n\t\t\t\t\t<div class=\"elementor-column elementor-col-100 elementor-top-column elementor-element elementor-element-07a6383\" data-id=\"07a6383\" data-element_type=\"column\" data-e-type=\"column\">\n\t\t\t<div class=\"elementor-widget-wrap elementor-element-populated\">\n\t\t\t\t\t\t<div class=\"elementor-element elementor-element-86631b0 elementor-button-align-stretch elementor-widget elementor-widget-form\" data-id=\"86631b0\" data-element_type=\"widget\" data-e-type=\"widget\" data-settings=\"{&quot;step_next_label&quot;:&quot;Next&quot;,&quot;step_previous_label&quot;:&quot;Previous&quot;,&quot;button_width&quot;:&quot;100&quot;,&quot;step_type&quot;:&quot;number_text&quot;,&quot;step_icon_shape&quot;:&quot;circle&quot;}\" data-widget_type=\"form.default\">\n\t\t\t\t<div class=\"elementor-widget-container\">\n\t\t\t\t\t\t\t<form class=\"elementor-form\" method=\"post\" name=\"New Form\" aria-label=\"New Form\">\n\t\t\t<input type=\"hidden\" name=\"post_id\" value=\"2339\"\/>\n\t\t\t<input type=\"hidden\" name=\"form_id\" value=\"86631b0\"\/>\n\t\t\t<input type=\"hidden\" name=\"referer_title\" value=\"Canal denuncias - Ant Facilities\" \/>\n\n\t\t\t\t\t\t\t<input type=\"hidden\" name=\"queried_id\" value=\"2339\"\/>\n\t\t\t\n\t\t\t<div class=\"elementor-form-fields-wrapper elementor-labels-above\">\n\t\t\t\t\t\t\t\t<div class=\"elementor-field-type-text elementor-field-group elementor-column elementor-field-group-name elementor-col-100 elementor-field-required\">\n\t\t\t\t\t\t\t\t\t\t\t\t<label for=\"form-field-name\" class=\"elementor-field-label\">\n\t\t\t\t\t\t\t\tNombre\t\t\t\t\t\t\t<\/label>\n\t\t\t\t\t\t\t\t\t\t\t\t\t\t<input size=\"1\" type=\"text\" name=\"form_fields[name]\" id=\"form-field-name\" class=\"elementor-field elementor-size-sm  elementor-field-textual\" placeholder=\"Escriba aqu\u00ed su nombre\" required=\"required\">\n\t\t\t\t\t\t\t\t\t\t\t<\/div>\n\t\t\t\t\t\t\t\t<div class=\"elementor-field-type-email elementor-field-group elementor-column elementor-field-group-email elementor-col-100 elementor-field-required\">\n\t\t\t\t\t\t\t\t\t\t\t\t<label for=\"form-field-email\" class=\"elementor-field-label\">\n\t\t\t\t\t\t\t\tEmail\t\t\t\t\t\t\t<\/label>\n\t\t\t\t\t\t\t\t\t\t\t\t\t\t<input size=\"1\" type=\"email\" name=\"form_fields[email]\" id=\"form-field-email\" class=\"elementor-field elementor-size-sm  elementor-field-textual\" placeholder=\"Escriba aqu\u00ed su correo\" required=\"required\">\n\t\t\t\t\t\t\t\t\t\t\t<\/div>\n\t\t\t\t\t\t\t\t<div class=\"elementor-field-type-textarea elementor-field-group elementor-column elementor-field-group-message elementor-col-100 elementor-field-required\">\n\t\t\t\t\t\t\t\t\t\t\t\t<label for=\"form-field-message\" class=\"elementor-field-label\">\n\t\t\t\t\t\t\t\tMensaje\t\t\t\t\t\t\t<\/label>\n\t\t\t\t\t\t<textarea class=\"elementor-field-textual elementor-field  elementor-size-sm\" name=\"form_fields[message]\" id=\"form-field-message\" rows=\"4\" placeholder=\"Escriba aqu\u00ed su mensaje\" required=\"required\"><\/textarea>\t\t\t\t<\/div>\n\t\t\t\t\t\t\t\t<div class=\"elementor-field-type-acceptance elementor-field-group elementor-column elementor-field-group-field_5648cc1 elementor-col-100 elementor-field-required\">\n\t\t\t\t\t\t\t<div class=\"elementor-field-subgroup\">\n\t\t\t<span class=\"elementor-field-option\">\n\t\t\t\t<input type=\"checkbox\" name=\"form_fields[field_5648cc1]\" id=\"form-field-field_5648cc1\" class=\"elementor-field elementor-size-sm  elementor-acceptance-field\" required=\"required\">\n\t\t\t\t<label for=\"form-field-field_5648cc1\">Acepto la <a href=\"https:\/\/antfacilities.com\/politica-de-privacidad\/\/\">pol\u00edtica de privacidad<\/a>\n<\/label>\t\t\t<\/span>\n\t\t<\/div>\n\t\t\t\t\t\t<\/div>\n\t\t\t\t\t\t\t\t<div class=\"elementor-field-group elementor-column elementor-field-type-submit elementor-col-100 e-form__buttons\">\n\t\t\t\t\t<button class=\"elementor-button elementor-size-sm\" type=\"submit\">\n\t\t\t\t\t\t<span class=\"elementor-button-content-wrapper\">\n\t\t\t\t\t\t\t\t\t\t\t\t\t\t\t\t\t\t\t\t\t\t<span class=\"elementor-button-text\">ENVIAR<\/span>\n\t\t\t\t\t\t\t\t\t\t\t\t\t<\/span>\n\t\t\t\t\t<\/button>\n\t\t\t\t<\/div>\n\t\t\t<\/div>\n\t\t<\/form>\n\t\t\t\t\t\t<\/div>\n\t\t\t\t<\/div>\n\t\t\t\t\t<\/div>\n\t\t<\/div>\n\t\t\t\t\t<\/div>\n\t\t<\/section>\n\t\t\t\t<\/div>\n\t\t","protected":false},"excerpt":{"rendered":"<p>\u00bfQui\u00e9n puede denunciar o realizar comunicaciones? Todos los miembros de ANT FACILITITES y aquellos con los que mantenga relaciones empresariales deben respetar tanto la legalidad vigente como el propio C\u00f3digo \u00c9tico de la\u00a0ANT FACILITITES.El Sistema permite que cualquier persona, interna o externa a\u00a0ANT FACILITITES, que haya tenido conocimiento de infracciones o actos il\u00edcitos, puedan comunicarlo [&hellip;]<\/p>\n","protected":false},"author":1,"featured_media":0,"parent":0,"menu_order":0,"comment_status":"closed","ping_status":"closed","template":"elementor_header_footer","meta":{"footnotes":""},"class_list":["post-2339","page","type-page","status-publish","hentry","entry"],"yoast_head":"<!-- This site is optimized with the Yoast SEO Premium plugin v27.0 (Yoast SEO v27.2) - https:\/\/yoast.com\/product\/yoast-seo-premium-wordpress\/ -->\n<title>Canal denuncias - Ant Facilities<\/title>\n<meta name=\"robots\" content=\"index, follow, max-snippet:-1, max-image-preview:large, max-video-preview:-1\" \/>\n<link rel=\"canonical\" href=\"https:\/\/antfacilities.com\/es\/canal-denuncias\/\" \/>\n<meta property=\"og:locale\" content=\"es_ES\" \/>\n<meta property=\"og:type\" content=\"article\" \/>\n<meta property=\"og:title\" content=\"Canal denuncias\" \/>\n<meta property=\"og:description\" content=\"\u00bfQui\u00e9n puede denunciar o realizar comunicaciones? Todos los miembros de ANT FACILITITES y aquellos con los que mantenga relaciones empresariales deben respetar tanto la legalidad vigente como el propio C\u00f3digo \u00c9tico de la\u00a0ANT FACILITITES.El Sistema permite que cualquier persona, interna o externa a\u00a0ANT FACILITITES, que haya tenido conocimiento de infracciones o actos il\u00edcitos, puedan comunicarlo [&hellip;]\" \/>\n<meta property=\"og:url\" content=\"https:\/\/antfacilities.com\/es\/canal-denuncias\/\" \/>\n<meta property=\"og:site_name\" content=\"Ant Facilities\" \/>\n<meta property=\"article:modified_time\" content=\"2024-01-18T13:28:30+00:00\" \/>\n<meta name=\"twitter:card\" content=\"summary_large_image\" \/>\n<meta name=\"twitter:label1\" content=\"Tiempo de lectura\" \/>\n\t<meta name=\"twitter:data1\" content=\"3 minutos\" \/>\n<script type=\"application\/ld+json\" class=\"yoast-schema-graph\">{\"@context\":\"https:\/\/schema.org\",\"@graph\":[{\"@type\":\"WebPage\",\"@id\":\"https:\/\/antfacilities.com\/es\/canal-denuncias\/\",\"url\":\"https:\/\/antfacilities.com\/es\/canal-denuncias\/\",\"name\":\"Canal denuncias - Ant Facilities\",\"isPartOf\":{\"@id\":\"https:\/\/antfacilities.com\/es\/#website\"},\"datePublished\":\"2024-01-11T11:36:50+00:00\",\"dateModified\":\"2024-01-18T13:28:30+00:00\",\"breadcrumb\":{\"@id\":\"https:\/\/antfacilities.com\/es\/canal-denuncias\/#breadcrumb\"},\"inLanguage\":\"es\",\"potentialAction\":[{\"@type\":\"ReadAction\",\"target\":[\"https:\/\/antfacilities.com\/es\/canal-denuncias\/\"]}]},{\"@type\":\"BreadcrumbList\",\"@id\":\"https:\/\/antfacilities.com\/es\/canal-denuncias\/#breadcrumb\",\"itemListElement\":[{\"@type\":\"ListItem\",\"position\":1,\"name\":\"Portada\",\"item\":\"https:\/\/antfacilities.com\/es\/\"},{\"@type\":\"ListItem\",\"position\":2,\"name\":\"Canal denuncias\"}]},{\"@type\":\"WebSite\",\"@id\":\"https:\/\/antfacilities.com\/es\/#website\",\"url\":\"https:\/\/antfacilities.com\/es\/\",\"name\":\"Ant Facilities\",\"description\":\"Servicios de limpieza y desinfeci\u00f3n para empresas\",\"publisher\":{\"@id\":\"https:\/\/antfacilities.com\/es\/#organization\"},\"potentialAction\":[{\"@type\":\"SearchAction\",\"target\":{\"@type\":\"EntryPoint\",\"urlTemplate\":\"https:\/\/antfacilities.com\/es\/?s={search_term_string}\"},\"query-input\":{\"@type\":\"PropertyValueSpecification\",\"valueRequired\":true,\"valueName\":\"search_term_string\"}}],\"inLanguage\":\"es\"},{\"@type\":\"Organization\",\"@id\":\"https:\/\/antfacilities.com\/es\/#organization\",\"name\":\"Ant Facilities\",\"url\":\"https:\/\/antfacilities.com\/es\/\",\"logo\":{\"@type\":\"ImageObject\",\"inLanguage\":\"es\",\"@id\":\"https:\/\/antfacilities.com\/es\/#\/schema\/logo\/image\/\",\"url\":\"https:\/\/antfacilities.com\/wp-content\/uploads\/2023\/07\/Logo-Ant-facilities.png\",\"contentUrl\":\"https:\/\/antfacilities.com\/wp-content\/uploads\/2023\/07\/Logo-Ant-facilities.png\",\"width\":441,\"height\":126,\"caption\":\"Ant Facilities\"},\"image\":{\"@id\":\"https:\/\/antfacilities.com\/es\/#\/schema\/logo\/image\/\"}}]}<\/script>\n<!-- \/ Yoast SEO Premium plugin. -->","yoast_head_json":{"title":"Canal denuncias - Ant Facilities","robots":{"index":"index","follow":"follow","max-snippet":"max-snippet:-1","max-image-preview":"max-image-preview:large","max-video-preview":"max-video-preview:-1"},"canonical":"https:\/\/antfacilities.com\/es\/canal-denuncias\/","og_locale":"es_ES","og_type":"article","og_title":"Canal denuncias","og_description":"\u00bfQui\u00e9n puede denunciar o realizar comunicaciones? Todos los miembros de ANT FACILITITES y aquellos con los que mantenga relaciones empresariales deben respetar tanto la legalidad vigente como el propio C\u00f3digo \u00c9tico de la\u00a0ANT FACILITITES.El Sistema permite que cualquier persona, interna o externa a\u00a0ANT FACILITITES, que haya tenido conocimiento de infracciones o actos il\u00edcitos, puedan comunicarlo [&hellip;]","og_url":"https:\/\/antfacilities.com\/es\/canal-denuncias\/","og_site_name":"Ant Facilities","article_modified_time":"2024-01-18T13:28:30+00:00","twitter_card":"summary_large_image","twitter_misc":{"Tiempo de lectura":"3 minutos"},"schema":{"@context":"https:\/\/schema.org","@graph":[{"@type":"WebPage","@id":"https:\/\/antfacilities.com\/es\/canal-denuncias\/","url":"https:\/\/antfacilities.com\/es\/canal-denuncias\/","name":"Canal denuncias - Ant Facilities","isPartOf":{"@id":"https:\/\/antfacilities.com\/es\/#website"},"datePublished":"2024-01-11T11:36:50+00:00","dateModified":"2024-01-18T13:28:30+00:00","breadcrumb":{"@id":"https:\/\/antfacilities.com\/es\/canal-denuncias\/#breadcrumb"},"inLanguage":"es","potentialAction":[{"@type":"ReadAction","target":["https:\/\/antfacilities.com\/es\/canal-denuncias\/"]}]},{"@type":"BreadcrumbList","@id":"https:\/\/antfacilities.com\/es\/canal-denuncias\/#breadcrumb","itemListElement":[{"@type":"ListItem","position":1,"name":"Portada","item":"https:\/\/antfacilities.com\/es\/"},{"@type":"ListItem","position":2,"name":"Canal denuncias"}]},{"@type":"WebSite","@id":"https:\/\/antfacilities.com\/es\/#website","url":"https:\/\/antfacilities.com\/es\/","name":"Ant Facilities","description":"Servicios de limpieza y desinfeci\u00f3n para empresas","publisher":{"@id":"https:\/\/antfacilities.com\/es\/#organization"},"potentialAction":[{"@type":"SearchAction","target":{"@type":"EntryPoint","urlTemplate":"https:\/\/antfacilities.com\/es\/?s={search_term_string}"},"query-input":{"@type":"PropertyValueSpecification","valueRequired":true,"valueName":"search_term_string"}}],"inLanguage":"es"},{"@type":"Organization","@id":"https:\/\/antfacilities.com\/es\/#organization","name":"Ant Facilities","url":"https:\/\/antfacilities.com\/es\/","logo":{"@type":"ImageObject","inLanguage":"es","@id":"https:\/\/antfacilities.com\/es\/#\/schema\/logo\/image\/","url":"https:\/\/antfacilities.com\/wp-content\/uploads\/2023\/07\/Logo-Ant-facilities.png","contentUrl":"https:\/\/antfacilities.com\/wp-content\/uploads\/2023\/07\/Logo-Ant-facilities.png","width":441,"height":126,"caption":"Ant Facilities"},"image":{"@id":"https:\/\/antfacilities.com\/es\/#\/schema\/logo\/image\/"}}]}},"_links":{"self":[{"href":"https:\/\/antfacilities.com\/es\/wp-json\/wp\/v2\/pages\/2339","targetHints":{"allow":["GET"]}}],"collection":[{"href":"https:\/\/antfacilities.com\/es\/wp-json\/wp\/v2\/pages"}],"about":[{"href":"https:\/\/antfacilities.com\/es\/wp-json\/wp\/v2\/types\/page"}],"author":[{"embeddable":true,"href":"https:\/\/antfacilities.com\/es\/wp-json\/wp\/v2\/users\/1"}],"replies":[{"embeddable":true,"href":"https:\/\/antfacilities.com\/es\/wp-json\/wp\/v2\/comments?post=2339"}],"version-history":[{"count":34,"href":"https:\/\/antfacilities.com\/es\/wp-json\/wp\/v2\/pages\/2339\/revisions"}],"predecessor-version":[{"id":2388,"href":"https:\/\/antfacilities.com\/es\/wp-json\/wp\/v2\/pages\/2339\/revisions\/2388"}],"wp:attachment":[{"href":"https:\/\/antfacilities.com\/es\/wp-json\/wp\/v2\/media?parent=2339"}],"curies":[{"name":"wp","href":"https:\/\/api.w.org\/{rel}","templated":true}]}}